{"id":9801,"date":"2020-10-29T21:44:51","date_gmt":"2020-10-29T20:44:51","guid":{"rendered":"https:\/\/aprofort.transparencia.pt\/?page_id=9801"},"modified":"2020-11-11T13:43:56","modified_gmt":"2020-11-11T12:43:56","slug":"subvenciones","status":"publish","type":"page","link":"https:\/\/aprofort.transparencia.pt\/es\/subvenciones\/","title":{"rendered":"Subvenciones"},"content":{"rendered":"\t\t<div data-elementor-type=\"wp-post\" data-elementor-id=\"9801\" class=\"elementor elementor-9801 elementor-636\">\n\t\t\t\t\t\t<section class=\"elementor-section elementor-top-section elementor-element elementor-element-b1d7697 elementor-section-boxed elementor-section-height-default elementor-section-height-default\" data-id=\"b1d7697\" data-element_type=\"section\" data-e-type=\"section\" data-settings=\"{&quot;background_background&quot;:&quot;classic&quot;}\">\n\t\t\t\t\t\t\t<div class=\"elementor-background-overlay\"><\/div>\n\t\t\t\t\t\t\t<div class=\"elementor-container elementor-column-gap-default\">\n\t\t\t\t\t<div class=\"elementor-column elementor-col-100 elementor-top-column elementor-element elementor-element-bd5e621\" data-id=\"bd5e621\" data-element_type=\"column\" data-e-type=\"column\">\n\t\t\t<div class=\"elementor-widget-wrap elementor-element-populated\">\n\t\t\t\t\t\t<section class=\"elementor-section elementor-inner-section elementor-element elementor-element-6689c8d elementor-section-boxed elementor-section-height-default elementor-section-height-default\" data-id=\"6689c8d\" data-element_type=\"section\" data-e-type=\"section\">\n\t\t\t\t\t\t<div class=\"elementor-container elementor-column-gap-default\">\n\t\t\t\t\t<div class=\"elementor-column elementor-col-66 elementor-inner-column elementor-element elementor-element-f42cb85\" data-id=\"f42cb85\" data-element_type=\"column\" data-e-type=\"column\">\n\t\t\t<div class=\"elementor-widget-wrap elementor-element-populated\">\n\t\t\t\t\t\t<div class=\"elementor-element elementor-element-8256ae1 elementor-widget elementor-widget-heading\" data-id=\"8256ae1\" data-element_type=\"widget\" data-e-type=\"widget\" data-widget_type=\"heading.default\">\n\t\t\t\t<div class=\"elementor-widget-container\">\n\t\t\t\t\t<h1 class=\"elementor-heading-title elementor-size-default\">Subvenciones<\/h1>\t\t\t\t<\/div>\n\t\t\t\t<\/div>\n\t\t\t\t\t<\/div>\n\t\t<\/div>\n\t\t\t\t<div class=\"elementor-column elementor-col-33 elementor-inner-column elementor-element elementor-element-ab6f8cd\" data-id=\"ab6f8cd\" data-element_type=\"column\" data-e-type=\"column\">\n\t\t\t<div class=\"elementor-widget-wrap\">\n\t\t\t\t\t\t\t<\/div>\n\t\t<\/div>\n\t\t\t\t\t<\/div>\n\t\t<\/section>\n\t\t\t\t\t<\/div>\n\t\t<\/div>\n\t\t\t\t\t<\/div>\n\t\t<\/section>\n\t\t\t\t<section class=\"elementor-section elementor-top-section elementor-element elementor-element-45375fa elementor-section-content-middle elementor-reverse-mobile elementor-section-boxed elementor-section-height-default elementor-section-height-default\" data-id=\"45375fa\" data-element_type=\"section\" data-e-type=\"section\">\n\t\t\t\t\t\t<div class=\"elementor-container elementor-column-gap-default\">\n\t\t\t\t\t<div class=\"elementor-column elementor-col-50 elementor-top-column elementor-element elementor-element-5df6276\" data-id=\"5df6276\" data-element_type=\"column\" data-e-type=\"column\">\n\t\t\t<div class=\"elementor-widget-wrap elementor-element-populated\">\n\t\t\t\t\t\t<div class=\"elementor-element elementor-element-104d1c9 elementor-widget elementor-widget-heading\" data-id=\"104d1c9\" data-element_type=\"widget\" data-e-type=\"widget\" data-widget_type=\"heading.default\">\n\t\t\t\t<div class=\"elementor-widget-container\">\n\t\t\t\t\t<h6 class=\"elementor-heading-title elementor-size-default\">SUBVENCIONES APROFORT<\/h6>\t\t\t\t<\/div>\n\t\t\t\t<\/div>\n\t\t\t\t<div class=\"elementor-element elementor-element-e659c68 elementor-widget elementor-widget-text-editor\" data-id=\"e659c68\" data-element_type=\"widget\" data-e-type=\"widget\" data-widget_type=\"text-editor.default\">\n\t\t\t\t<div class=\"elementor-widget-container\">\n\t\t\t\t\t\t\t\t\t<p>Las subvenciones de APROFORT son un apoyo financiero para actividades que convergen con los principales resultados esperados de APROFORT, que son:<\/p><ol><li>La abolici\u00f3n de la pena de muerte.<\/li><li>La protecci\u00f3n efectiva de activistas, organizaciones y grupos minoritarios vulnerables.<\/li><li>Mayor cumplimiento de los Objetivos de Lucha contra la Corrupci\u00f3n, los Derechos Humanos y los Objetivos de Desarrollo Sostenible<\/li><\/ol>\t\t\t\t\t\t\t\t<\/div>\n\t\t\t\t<\/div>\n\t\t\t\t\t<\/div>\n\t\t<\/div>\n\t\t\t\t<div class=\"elementor-column elementor-col-50 elementor-top-column elementor-element elementor-element-c70f305 elementor-hidden-tablet\" data-id=\"c70f305\" data-element_type=\"column\" data-e-type=\"column\">\n\t\t\t<div class=\"elementor-widget-wrap\">\n\t\t\t\t\t\t\t<\/div>\n\t\t<\/div>\n\t\t\t\t\t<\/div>\n\t\t<\/section>\n\t\t\t\t<section class=\"elementor-section elementor-top-section elementor-element elementor-element-ba46214 elementor-section-content-middle elementor-section-boxed elementor-section-height-default elementor-section-height-default\" data-id=\"ba46214\" data-element_type=\"section\" data-e-type=\"section\" data-settings=\"{&quot;background_background&quot;:&quot;classic&quot;}\">\n\t\t\t\t\t\t\t<div class=\"elementor-background-overlay\"><\/div>\n\t\t\t\t\t\t\t<div class=\"elementor-container elementor-column-gap-no\">\n\t\t\t\t\t<div class=\"elementor-column elementor-col-66 elementor-top-column elementor-element elementor-element-577cdb9\" data-id=\"577cdb9\" data-element_type=\"column\" data-e-type=\"column\">\n\t\t\t<div class=\"elementor-widget-wrap elementor-element-populated\">\n\t\t\t\t\t\t<div class=\"elementor-element elementor-element-4e75674 elementor-widget elementor-widget-heading\" data-id=\"4e75674\" data-element_type=\"widget\" data-e-type=\"widget\" data-widget_type=\"heading.default\">\n\t\t\t\t<div class=\"elementor-widget-container\">\n\t\t\t\t\t<h2 class=\"elementor-heading-title elementor-size-default\">\u00bfQu\u00e9 son las subvenciones?<\/h2>\t\t\t\t<\/div>\n\t\t\t\t<\/div>\n\t\t\t\t<div class=\"elementor-element elementor-element-6e70d8e elementor-widget elementor-widget-text-editor\" data-id=\"6e70d8e\" data-element_type=\"widget\" data-e-type=\"widget\" data-widget_type=\"text-editor.default\">\n\t\t\t\t<div class=\"elementor-widget-container\">\n\t\t\t\t\t\t\t\t\t<p>Las subvenciones se dedicar\u00e1n a financiar actividades de OSC y personas con sede en Guinea Ecuatorial y que en el ejercicio de sus actividades regulares contribuyan a uno o m\u00e1s de los siguientes objetivos:<\/p><ol><li>Elaboraci\u00f3n de estudios y\/o informes sobre Objetivos de Desarrollo Sostenible (ODS), lucha contra la corrupci\u00f3n, Buena Gobernanza o Derechos Humanos.<\/li><li>Asistencia a mujeres y ni\u00f1as que son discriminadas por extorsi\u00f3n sexual o por estar embarazadas.<\/li><li>Asistencia a la comunidad LGBTI.<\/li><li>Campa\u00f1as de sensibilizaci\u00f3n sobre la discriminaci\u00f3n contra la comunidad LGBTI.<\/li><li>Sensibilizaci\u00f3n de instituciones sobre Derechos Humanos y Bena Gobernanza.<\/li><li>Apoyo a eventos e iniciativas art\u00edsticas y culturales sobre Derechos Humanos o Buena Gobernanza.<\/li><\/ol><p>APROFORT dar\u00e1 preferencia a actividades de iniciativas o proyectos preexistentes. Este podr\u00eda ser el caso de una actividad que tendr\u00eda que aumentarse o una actividad que se suspendi\u00f3 y se puede volver a retomar.<\/p><p>El tipo de actividades puede incluir formaciones o capacitaci\u00f3n interna, costos de viaje a eventos, seminarios, campa\u00f1as de sensibilizaci\u00f3n sobre los derechos humanos o corrupci\u00f3n como el D\u00eda Contra la Corrupci\u00f3n (9 dic.) o El D\u00eda de los Derechos Humanos (10 de dic.) o la celebraci\u00f3n del D\u00eda Internacional de la Mujer Trabajadora (8 de mar.).<\/p>\t\t\t\t\t\t\t\t<\/div>\n\t\t\t\t<\/div>\n\t\t\t\t\t<\/div>\n\t\t<\/div>\n\t\t\t\t<div class=\"elementor-column elementor-col-33 elementor-top-column elementor-element elementor-element-a6968c8\" data-id=\"a6968c8\" data-element_type=\"column\" data-e-type=\"column\">\n\t\t\t<div class=\"elementor-widget-wrap\">\n\t\t\t\t\t\t\t<\/div>\n\t\t<\/div>\n\t\t\t\t\t<\/div>\n\t\t<\/section>\n\t\t\t\t<section class=\"elementor-section elementor-top-section elementor-element elementor-element-74ad5eb elementor-section-content-middle elementor-section-boxed elementor-section-height-default elementor-section-height-default\" data-id=\"74ad5eb\" data-element_type=\"section\" data-e-type=\"section\" data-settings=\"{&quot;background_background&quot;:&quot;classic&quot;}\">\n\t\t\t\t\t\t\t<div class=\"elementor-background-overlay\"><\/div>\n\t\t\t\t\t\t\t<div class=\"elementor-container elementor-column-gap-no\">\n\t\t\t\t\t<div class=\"elementor-column elementor-col-66 elementor-top-column elementor-element elementor-element-c98c942\" data-id=\"c98c942\" data-element_type=\"column\" data-e-type=\"column\">\n\t\t\t<div class=\"elementor-widget-wrap elementor-element-populated\">\n\t\t\t\t\t\t<div class=\"elementor-element elementor-element-52c8c9d elementor-widget elementor-widget-heading\" data-id=\"52c8c9d\" data-element_type=\"widget\" data-e-type=\"widget\" data-widget_type=\"heading.default\">\n\t\t\t\t<div class=\"elementor-widget-container\">\n\t\t\t\t\t<h2 class=\"elementor-heading-title elementor-size-default\">\u00bfQui\u00e9n puede solicitar las subvenciones?<\/h2>\t\t\t\t<\/div>\n\t\t\t\t<\/div>\n\t\t\t\t<div class=\"elementor-element elementor-element-3fac634 elementor-widget elementor-widget-text-editor\" data-id=\"3fac634\" data-element_type=\"widget\" data-e-type=\"widget\" data-widget_type=\"text-editor.default\">\n\t\t\t\t<div class=\"elementor-widget-container\">\n\t\t\t\t\t\t\t\t\t<ol><li>OSC nacionales formales en coalici\u00f3n o individualmente.<\/li><li>Grupos informales de activistas.<\/li><li>Colegios o escuelas de formaci\u00f3n.<\/li><li>Profesores e investigadores.<\/li><li>Artistas<\/li><li>Compa\u00f1\u00edas de teatro grupo de artistas que trabajen en el sector cultural.<\/li><\/ol>\t\t\t\t\t\t\t\t<\/div>\n\t\t\t\t<\/div>\n\t\t\t\t\t<\/div>\n\t\t<\/div>\n\t\t\t\t<div class=\"elementor-column elementor-col-33 elementor-top-column elementor-element elementor-element-5410384\" data-id=\"5410384\" data-element_type=\"column\" data-e-type=\"column\">\n\t\t\t<div class=\"elementor-widget-wrap\">\n\t\t\t\t\t\t\t<\/div>\n\t\t<\/div>\n\t\t\t\t\t<\/div>\n\t\t<\/section>\n\t\t\t\t<section class=\"elementor-section elementor-top-section elementor-element elementor-element-fe4ea8c elementor-section-content-middle elementor-section-boxed elementor-section-height-default elementor-section-height-default\" data-id=\"fe4ea8c\" data-element_type=\"section\" data-e-type=\"section\" data-settings=\"{&quot;background_background&quot;:&quot;classic&quot;}\">\n\t\t\t\t\t\t\t<div class=\"elementor-background-overlay\"><\/div>\n\t\t\t\t\t\t\t<div class=\"elementor-container elementor-column-gap-no\">\n\t\t\t\t\t<div class=\"elementor-column elementor-col-66 elementor-top-column elementor-element elementor-element-47cc8cc\" data-id=\"47cc8cc\" data-element_type=\"column\" data-e-type=\"column\">\n\t\t\t<div class=\"elementor-widget-wrap elementor-element-populated\">\n\t\t\t\t\t\t<div class=\"elementor-element elementor-element-b4bfbc1 elementor-widget elementor-widget-heading\" data-id=\"b4bfbc1\" data-element_type=\"widget\" data-e-type=\"widget\" data-widget_type=\"heading.default\">\n\t\t\t\t<div class=\"elementor-widget-container\">\n\t\t\t\t\t<h2 class=\"elementor-heading-title elementor-size-default\">Procedimiento de selecci\u00f3n<\/h2>\t\t\t\t<\/div>\n\t\t\t\t<\/div>\n\t\t\t\t<div class=\"elementor-element elementor-element-a25ebca elementor-widget elementor-widget-text-editor\" data-id=\"a25ebca\" data-element_type=\"widget\" data-e-type=\"widget\" data-widget_type=\"text-editor.default\">\n\t\t\t\t<div class=\"elementor-widget-container\">\n\t\t\t\t\t\t\t\t\t<p><strong>FASE 1: Expresi\u00f3n de inter\u00e9s \u2013 La fecha l\u00edmite para la presentaci\u00f3n es el 23 de octubre de 2020<\/strong><\/p><p>Los solicitantes deben enviar su expresi\u00f3n de inter\u00e9s rellenando el formulario en l\u00ednea o por correo electr\u00f3nico indicando muy brevemente quien est\u00e1 solicitando los fondos y una breve descripci\u00f3n de la actividad. El equipo de APROFORT pre-seleccionar\u00e1 a los mejores e invitar\u00e1 a los solicitantes a presentar un proyecto completo o nota conceptual. El prop\u00f3sito de este proceso es eliminar la carga para muchas OSC de desarrollar propuestas largas y complejas para peque\u00f1as subvenciones. Por lo tanto, este proceso es muy sencillo y f\u00e1cil al principio y\u00a0<strong>s\u00f3lo se solicitar\u00e1 m\u00e1s detalles a los pre-seleccionados<\/strong><\/p><p><strong>FASE 2: Nota conceptual completa y presupuesto<\/strong><\/p><p>APROFORT seleccionar\u00e1 las mejores propuestas e invitar\u00e1 a los solicitantes pre-seleccionados para que presenten una nota conceptual completa y un presupuesto detallado utilizando un formulario espec\u00edfico proporcionada por APROFORT. Esta fase se cerrar\u00e1 el 17 de noviembre.<\/p><p><span style=\"color: #ffffff;\">Rellene el\u00a0<a style=\"color: #ffffff;\" href=\"https:\/\/forms.gle\/Jh8uoCC6VjoSiHj9A\"><strong>formulario de solicitud de subvenciones de APROFORT<\/strong><\/a>. Para m\u00e1s informaci\u00f3n consulte\u00a0<strong><a style=\"color: #ffffff;\" href=\"https:\/\/transparencia.pt\/es\/procedimientos-seleccion-adjudicacion-subvenciones\/\">el procedimiento de Selecci\u00f3n y Adjudicaci\u00f3n<\/a><\/strong>. Si lo prefiere, puede descargar el\u00a0<a style=\"color: #ffffff;\" href=\"https:\/\/transparencia.pt\/wp-content\/uploads\/2020\/09\/Formulario-de-solicitud-de-subvenciones-de-APROFORT.doc\"><strong>formulario de solicitud<\/strong><\/a>\u00a0y enviarlo a\u00a0<a style=\"color: #ffffff;\" href=\"mailto:secretariado@transparencia.pt\"><strong>secretariado@transparencia.pt<\/strong><\/a>.<\/span><\/p>\t\t\t\t\t\t\t\t<\/div>\n\t\t\t\t<\/div>\n\t\t\t\t\t<\/div>\n\t\t<\/div>\n\t\t\t\t<div class=\"elementor-column elementor-col-33 elementor-top-column elementor-element elementor-element-b9ddd55\" data-id=\"b9ddd55\" data-element_type=\"column\" data-e-type=\"column\">\n\t\t\t<div class=\"elementor-widget-wrap\">\n\t\t\t\t\t\t\t<\/div>\n\t\t<\/div>\n\t\t\t\t\t<\/div>\n\t\t<\/section>\n\t\t\t\t<section class=\"elementor-section elementor-top-section elementor-element elementor-element-f9c835a elementor-section-content-middle elementor-section-boxed elementor-section-height-default elementor-section-height-default\" data-id=\"f9c835a\" data-element_type=\"section\" data-e-type=\"section\" data-settings=\"{&quot;background_background&quot;:&quot;classic&quot;}\">\n\t\t\t\t\t\t\t<div class=\"elementor-background-overlay\"><\/div>\n\t\t\t\t\t\t\t<div class=\"elementor-container elementor-column-gap-no\">\n\t\t\t\t\t<div class=\"elementor-column elementor-col-66 elementor-top-column elementor-element elementor-element-9a24dde\" data-id=\"9a24dde\" data-element_type=\"column\" data-e-type=\"column\">\n\t\t\t<div class=\"elementor-widget-wrap elementor-element-populated\">\n\t\t\t\t\t\t<div class=\"elementor-element elementor-element-c1744f4 elementor-widget elementor-widget-heading\" data-id=\"c1744f4\" data-element_type=\"widget\" data-e-type=\"widget\" data-widget_type=\"heading.default\">\n\t\t\t\t<div class=\"elementor-widget-container\">\n\t\t\t\t\t<h2 class=\"elementor-heading-title elementor-size-default\">Importes y forma de pago<\/h2>\t\t\t\t<\/div>\n\t\t\t\t<\/div>\n\t\t\t\t<div class=\"elementor-element elementor-element-c365833 elementor-widget elementor-widget-text-editor\" data-id=\"c365833\" data-element_type=\"widget\" data-e-type=\"widget\" data-widget_type=\"text-editor.default\">\n\t\t\t\t<div class=\"elementor-widget-container\">\n\t\t\t\t\t\t\t\t\t<p>El importe total para las ayudas a terceros de APROFORT es de 40.000 euros. El importe m\u00e1ximo de\u00a0<strong>cada ayuda es de 10.000 euros<\/strong>. Los criterios de selecci\u00f3n han sido aprobados junto con la UE durante la firma del contrato APROFORT y esperamos poder apoyar el mayor n\u00famero posible de actividades. Los seleccionados firmar\u00e1n un contrato con TI-PT y recibir\u00e1n los pagos de acuerdo con el plan de trabajo y el cronograma propuestos:<\/p><ul><li>Inicio (cuando se firma el contrato): 50%<\/li><li>Medio plazo (durante la ejecuci\u00f3n de las actividades): 40%<\/li><li>Pago final (despu\u00e9s de la finalizaci\u00f3n exitosa de las actividades y la presentaci\u00f3n del informe narrativo): 10%<\/li><\/ul>\t\t\t\t\t\t\t\t<\/div>\n\t\t\t\t<\/div>\n\t\t\t\t\t<\/div>\n\t\t<\/div>\n\t\t\t\t<div class=\"elementor-column elementor-col-33 elementor-top-column elementor-element elementor-element-566644a\" data-id=\"566644a\" data-element_type=\"column\" data-e-type=\"column\">\n\t\t\t<div class=\"elementor-widget-wrap\">\n\t\t\t\t\t\t\t<\/div>\n\t\t<\/div>\n\t\t\t\t\t<\/div>\n\t\t<\/section>\n\t\t\t\t<section class=\"elementor-section elementor-top-section elementor-element elementor-element-f582cf2 elementor-section-content-middle elementor-section-boxed elementor-section-height-default elementor-section-height-default\" data-id=\"f582cf2\" data-element_type=\"section\" data-e-type=\"section\" data-settings=\"{&quot;background_background&quot;:&quot;classic&quot;}\">\n\t\t\t\t\t\t\t<div class=\"elementor-background-overlay\"><\/div>\n\t\t\t\t\t\t\t<div class=\"elementor-container elementor-column-gap-no\">\n\t\t\t\t\t<div class=\"elementor-column elementor-col-66 elementor-top-column elementor-element elementor-element-197213b\" data-id=\"197213b\" data-element_type=\"column\" data-e-type=\"column\">\n\t\t\t<div class=\"elementor-widget-wrap elementor-element-populated\">\n\t\t\t\t\t\t<div class=\"elementor-element elementor-element-ce68d64 elementor-widget elementor-widget-heading\" data-id=\"ce68d64\" data-element_type=\"widget\" data-e-type=\"widget\" data-widget_type=\"heading.default\">\n\t\t\t\t<div class=\"elementor-widget-container\">\n\t\t\t\t\t<h2 class=\"elementor-heading-title elementor-size-default\">Calendario<\/h2>\t\t\t\t<\/div>\n\t\t\t\t<\/div>\n\t\t\t\t<div class=\"elementor-element elementor-element-1751558 elementor-widget elementor-widget-text-editor\" data-id=\"1751558\" data-element_type=\"widget\" data-e-type=\"widget\" data-widget_type=\"text-editor.default\">\n\t\t\t\t<div class=\"elementor-widget-container\">\n\t\t\t\t\t\t\t\t\t<table><tbody><tr><td width=\"301\"><strong>Etapa<\/strong><\/td><td width=\"301\"><strong>Plazo<\/strong><\/td><\/tr><tr><td width=\"301\">Expresi\u00f3n de inter\u00e9s<\/td><td width=\"301\">23 de octubre de 2020<\/td><\/tr><tr><td width=\"301\">Evaluaci\u00f3n de las solicitudes<\/td><td width=\"301\">31 de octubre de 2020<\/td><\/tr><tr><td width=\"301\">Invitaci\u00f3n a presentar una nota conceptual y presupuesto completos a los solicitantes preseleccionados<\/td><td width=\"301\">10 de noviembre de 2020<\/td><\/tr><tr><td width=\"301\">Presentaci\u00f3n de la nota conceptual completa y presupuesto<\/td><td width=\"301\">17 de noviembre de 2020<\/td><\/tr><tr><td width=\"301\">Firma de contratos con solicitantes elegidos<\/td><td width=\"301\">1 de diciembre de 2020<\/td><\/tr><\/tbody><\/table>\t\t\t\t\t\t\t\t<\/div>\n\t\t\t\t<\/div>\n\t\t\t\t\t<\/div>\n\t\t<\/div>\n\t\t\t\t<div class=\"elementor-column elementor-col-33 elementor-top-column elementor-element elementor-element-080915a\" data-id=\"080915a\" data-element_type=\"column\" data-e-type=\"column\">\n\t\t\t<div class=\"elementor-widget-wrap\">\n\t\t\t\t\t\t\t<\/div>\n\t\t<\/div>\n\t\t\t\t\t<\/div>\n\t\t<\/section>\n\t\t\t\t<\/div>\n\t\t","protected":false},"excerpt":{"rendered":"<p>Subvenciones SUBVENCIONES APROFORT Las subvenciones de APROFORT son un apoyo financiero para actividades que convergen con los principales resultados esperados de APROFORT, que son: La abolici\u00f3n de la pena de muerte. La protecci\u00f3n efectiva de activistas, organizaciones y grupos minoritarios vulnerables. Mayor cumplimiento de los Objetivos de Lucha contra la Corrupci\u00f3n, los Derechos Humanos y [&hellip;]<\/p>\n","protected":false},"author":2,"featured_media":0,"parent":0,"menu_order":0,"comment_status":"closed","ping_status":"closed","template":"","meta":{"inline_featured_image":false,"site-sidebar-layout":"default","site-content-layout":"page-builder","ast-site-content-layout":"default","site-content-style":"default","site-sidebar-style":"default","ast-global-header-display":"","ast-banner-title-visibility":"","ast-main-header-display":"","ast-hfb-above-header-display":"","ast-hfb-below-header-display":"","ast-hfb-mobile-header-display":"","site-post-title":"disabled","ast-breadcrumbs-content":"","ast-featured-img":"disabled","footer-sml-layout":"","ast-disable-related-posts":"","theme-transparent-header-meta":"enabled","adv-header-id-meta":"","stick-header-meta":"","header-above-stick-meta":"","header-main-stick-meta":"","header-below-stick-meta":"","astra-migrate-meta-layouts":"default","ast-page-background-enabled":"default","ast-page-background-meta":{"desktop":{"background-color":"","background-image":"","background-repeat":"repeat","background-position":"center center","background-size":"auto","background-attachment":"scroll","background-type":"","background-media":"","overlay-type":"","overlay-color":"","overlay-opacity":"","overlay-gradient":""},"tablet":{"background-color":"","background-image":"","background-repeat":"repeat","background-position":"center center","background-size":"auto","background-attachment":"scroll","background-type":"","background-media":"","overlay-type":"","overlay-color":"","overlay-opacity":"","overlay-gradient":""},"mobile":{"background-color":"","background-image":"","background-repeat":"repeat","background-position":"center center","background-size":"auto","background-attachment":"scroll","background-type":"","background-media":"","overlay-type":"","overlay-color":"","overlay-opacity":"","overlay-gradient":""}},"ast-content-background-meta":{"desktop":{"background-color":"var(--ast-global-color-5)","background-image":"","background-repeat":"repeat","background-position":"center center","background-size":"auto","background-attachment":"scroll","background-type":"","background-media":"","overlay-type":"","overlay-color":"","overlay-opacity":"","overlay-gradient":""},"tablet":{"background-color":"var(--ast-global-color-5)","background-image":"","background-repeat":"repeat","background-position":"center center","background-size":"auto","background-attachment":"scroll","background-type":"","background-media":"","overlay-type":"","overlay-color":"","overlay-opacity":"","overlay-gradient":""},"mobile":{"background-color":"var(--ast-global-color-5)","background-image":"","background-repeat":"repeat","background-position":"center center","background-size":"auto","background-attachment":"scroll","background-type":"","background-media":"","overlay-type":"","overlay-color":"","overlay-opacity":"","overlay-gradient":""}},"footnotes":""},"class_list":["post-9801","page","type-page","status-publish","hentry"],"aioseo_notices":[],"_links":{"self":[{"href":"https:\/\/aprofort.transparencia.pt\/es\/wp-json\/wp\/v2\/pages\/9801","targetHints":{"allow":["GET"]}}],"collection":[{"href":"https:\/\/aprofort.transparencia.pt\/es\/wp-json\/wp\/v2\/pages"}],"about":[{"href":"https:\/\/aprofort.transparencia.pt\/es\/wp-json\/wp\/v2\/types\/page"}],"author":[{"embeddable":true,"href":"https:\/\/aprofort.transparencia.pt\/es\/wp-json\/wp\/v2\/users\/2"}],"replies":[{"embeddable":true,"href":"https:\/\/aprofort.transparencia.pt\/es\/wp-json\/wp\/v2\/comments?post=9801"}],"version-history":[{"count":11,"href":"https:\/\/aprofort.transparencia.pt\/es\/wp-json\/wp\/v2\/pages\/9801\/revisions"}],"predecessor-version":[{"id":10074,"href":"https:\/\/aprofort.transparencia.pt\/es\/wp-json\/wp\/v2\/pages\/9801\/revisions\/10074"}],"wp:attachment":[{"href":"https:\/\/aprofort.transparencia.pt\/es\/wp-json\/wp\/v2\/media?parent=9801"}],"curies":[{"name":"wp","href":"https:\/\/api.w.org\/{rel}","templated":true}]}}