{"id":9785,"date":"2020-10-29T21:33:27","date_gmt":"2020-10-29T20:33:27","guid":{"rendered":"https:\/\/aprofort.transparencia.pt\/?page_id=9785"},"modified":"2020-11-11T13:40:22","modified_gmt":"2020-11-11T12:40:22","slug":"observatorio","status":"publish","type":"page","link":"https:\/\/aprofort.transparencia.pt\/es\/observatorio\/","title":{"rendered":"Observatorio"},"content":{"rendered":"\t\t<div data-elementor-type=\"wp-post\" data-elementor-id=\"9785\" class=\"elementor elementor-9785 elementor-12\">\n\t\t\t\t\t\t<section class=\"elementor-section elementor-top-section elementor-element elementor-element-b1d7697 elementor-section-boxed elementor-section-height-default elementor-section-height-default\" data-id=\"b1d7697\" data-element_type=\"section\" data-e-type=\"section\" data-settings=\"{&quot;background_background&quot;:&quot;classic&quot;}\">\n\t\t\t\t\t\t\t<div class=\"elementor-background-overlay\"><\/div>\n\t\t\t\t\t\t\t<div class=\"elementor-container elementor-column-gap-default\">\n\t\t\t\t\t<div class=\"elementor-column elementor-col-100 elementor-top-column elementor-element elementor-element-bd5e621\" data-id=\"bd5e621\" data-element_type=\"column\" data-e-type=\"column\">\n\t\t\t<div class=\"elementor-widget-wrap elementor-element-populated\">\n\t\t\t\t\t\t<section class=\"elementor-section elementor-inner-section elementor-element elementor-element-6689c8d elementor-section-boxed elementor-section-height-default elementor-section-height-default\" data-id=\"6689c8d\" data-element_type=\"section\" data-e-type=\"section\">\n\t\t\t\t\t\t<div class=\"elementor-container elementor-column-gap-default\">\n\t\t\t\t\t<div class=\"elementor-column elementor-col-66 elementor-inner-column elementor-element elementor-element-f42cb85\" data-id=\"f42cb85\" data-element_type=\"column\" data-e-type=\"column\">\n\t\t\t<div class=\"elementor-widget-wrap elementor-element-populated\">\n\t\t\t\t\t\t<div class=\"elementor-element elementor-element-8256ae1 elementor-widget elementor-widget-heading\" data-id=\"8256ae1\" data-element_type=\"widget\" data-e-type=\"widget\" data-widget_type=\"heading.default\">\n\t\t\t\t<div class=\"elementor-widget-container\">\n\t\t\t\t\t<h1 class=\"elementor-heading-title elementor-size-default\">Observatorio<\/h1>\t\t\t\t<\/div>\n\t\t\t\t<\/div>\n\t\t\t\t\t<\/div>\n\t\t<\/div>\n\t\t\t\t<div class=\"elementor-column elementor-col-33 elementor-inner-column elementor-element elementor-element-ab6f8cd\" data-id=\"ab6f8cd\" data-element_type=\"column\" data-e-type=\"column\">\n\t\t\t<div class=\"elementor-widget-wrap\">\n\t\t\t\t\t\t\t<\/div>\n\t\t<\/div>\n\t\t\t\t\t<\/div>\n\t\t<\/section>\n\t\t\t\t\t<\/div>\n\t\t<\/div>\n\t\t\t\t\t<\/div>\n\t\t<\/section>\n\t\t\t\t<section class=\"elementor-section elementor-top-section elementor-element elementor-element-45375fa elementor-section-content-middle elementor-reverse-mobile elementor-section-boxed elementor-section-height-default elementor-section-height-default\" data-id=\"45375fa\" data-element_type=\"section\" data-e-type=\"section\">\n\t\t\t\t\t\t<div class=\"elementor-container elementor-column-gap-default\">\n\t\t\t\t\t<div class=\"elementor-column elementor-col-50 elementor-top-column elementor-element elementor-element-5df6276\" data-id=\"5df6276\" data-element_type=\"column\" data-e-type=\"column\">\n\t\t\t<div class=\"elementor-widget-wrap elementor-element-populated\">\n\t\t\t\t\t\t<div class=\"elementor-element elementor-element-104d1c9 elementor-widget elementor-widget-heading\" data-id=\"104d1c9\" data-element_type=\"widget\" data-e-type=\"widget\" data-widget_type=\"heading.default\">\n\t\t\t\t<div class=\"elementor-widget-container\">\n\t\t\t\t\t<h6 class=\"elementor-heading-title elementor-size-default\">SOBRE EL OBSERVATORIO<\/h6>\t\t\t\t<\/div>\n\t\t\t\t<\/div>\n\t\t\t\t<div class=\"elementor-element elementor-element-e659c68 elementor-widget elementor-widget-text-editor\" data-id=\"e659c68\" data-element_type=\"widget\" data-e-type=\"widget\" data-widget_type=\"text-editor.default\">\n\t\t\t\t<div class=\"elementor-widget-container\">\n\t\t\t\t\t\t\t\t\t<p><span lang=\"ES\">En los \u00faltimos a\u00f1os, Guinea Ecuatorial ha sido examinada por el Consejo de Derechos Humanos y el Comit\u00e9 de Derechos Humanos. Adem\u00e1s, ha reactivado el proceso de reentrada en la Iniciativa sobre la Transparencia de las Industrias Extractivas (EITI).<\/span><\/p><p><span lang=\"ES\">Por otro lado, como resultado de negociaciones con el Fondo Monetario Internacional, el gobierno ha firmado la Convenci\u00f3n de las Naciones Unidas contra la Corrupci\u00f3n (UNCAC).<\/span><\/p><p><span lang=\"ES\">Por \u00faltimo, el estado se ha comprometido globalmente con los Objetivos de Desarrollo Sostenible.<\/span><\/p><p><span lang=\"ES\">El Observatorio de APROFORT tiene como objetivo principal ayudar a monitorear el cumplimiento de estos compromisos.<\/span><\/p>\t\t\t\t\t\t\t\t<\/div>\n\t\t\t\t<\/div>\n\t\t\t\t\t<\/div>\n\t\t<\/div>\n\t\t\t\t<div class=\"elementor-column elementor-col-50 elementor-top-column elementor-element elementor-element-c70f305 elementor-hidden-tablet\" data-id=\"c70f305\" data-element_type=\"column\" data-e-type=\"column\">\n\t\t\t<div class=\"elementor-widget-wrap\">\n\t\t\t\t\t\t\t<\/div>\n\t\t<\/div>\n\t\t\t\t\t<\/div>\n\t\t<\/section>\n\t\t\t\t<section class=\"elementor-section elementor-top-section elementor-element elementor-element-ba46214 elementor-section-content-middle elementor-section-boxed elementor-section-height-default elementor-section-height-default\" data-id=\"ba46214\" data-element_type=\"section\" data-e-type=\"section\" data-settings=\"{&quot;background_background&quot;:&quot;classic&quot;}\">\n\t\t\t\t\t\t\t<div class=\"elementor-background-overlay\"><\/div>\n\t\t\t\t\t\t\t<div class=\"elementor-container elementor-column-gap-no\">\n\t\t\t\t\t<div class=\"elementor-column elementor-col-66 elementor-top-column elementor-element elementor-element-577cdb9\" data-id=\"577cdb9\" data-element_type=\"column\" data-e-type=\"column\">\n\t\t\t<div class=\"elementor-widget-wrap elementor-element-populated\">\n\t\t\t\t\t\t<div class=\"elementor-element elementor-element-4e75674 elementor-widget elementor-widget-heading\" data-id=\"4e75674\" data-element_type=\"widget\" data-e-type=\"widget\" data-widget_type=\"heading.default\">\n\t\t\t\t<div class=\"elementor-widget-container\">\n\t\t\t\t\t<h2 class=\"elementor-heading-title elementor-size-default\">Derechos Humanos<\/h2>\t\t\t\t<\/div>\n\t\t\t\t<\/div>\n\t\t\t\t<div class=\"elementor-element elementor-element-6e70d8e elementor-widget elementor-widget-text-editor\" data-id=\"6e70d8e\" data-element_type=\"widget\" data-e-type=\"widget\" data-widget_type=\"text-editor.default\">\n\t\t\t\t<div class=\"elementor-widget-container\">\n\t\t\t\t\t\t\t\t\t<p>La aprobaci\u00f3n por el consejo de derechos humanos de las recomendaciones a Guinea Ecuatorial durante el Examen Peri\u00f3dico Universal, muchas de ellas promovidas por organizaciones de la sociedad civil como es el Centro de Estudios en Iniciativas para el Desarrollo de Guinea Ecuatorial (CEID), dota ya de una l\u00ednea de base clara para esta acci\u00f3n, con el objeto de monitorear la evoluci\u00f3n del respeto de los derechos humanos en el pa\u00eds. Adem\u00e1s, la labor de la sociedad civil ser\u00e1 crucial en el seguimiento y cumplimiento de las Observaciones del Comit\u00e9 de Derechos Humanos que examin\u00f3 a Guinea Ecuatorial en Julio 2019.<\/p><p>APROFORT desarrollar\u00e1 un proceso de monitorizaci\u00f3n de los derechos humanos basado en estos compromisos. El observatorio establecer\u00e1 un registro exhaustivo de los casos de violaci\u00f3n de derechos humanos en el pa\u00eds para poder responder a la necesidad de datos para los estos informes. El observatorio trabajar\u00e1 tambi\u00e9n para obtener informaciones actualizadas sobre la evoluci\u00f3n legislativa en materia de derechos humanos.<\/p><p>Recopilaremos los compromisos adquiridos por Guinea Ecuatorial; legislaci\u00f3n internacional aplicable y legislaci\u00f3n nacional que se actualizar\u00e1 regularmente indicando los casos denunciados en la cl\u00ednica jur\u00eddica, por un lado, y otros que, si bien no los llevar\u00e1 la cl\u00ednica jur\u00eddica, se consideran suficientemente acreditados y probados. En todo caso, se determinar\u00e1 la fuente de los casos que sean tratados.<\/p><p>El observatorio monitorear\u00e1 de tal forma que se identifique lo que es la pr\u00e1ctica (in-practice) y lo que es la legislaci\u00f3n (in-law) existente, incluido los tratados internacionales.<\/p>\t\t\t\t\t\t\t\t<\/div>\n\t\t\t\t<\/div>\n\t\t\t\t<div class=\"elementor-element elementor-element-8e125b5 elementor-align-center elementor-button-info elementor-widget elementor-widget-button\" data-id=\"8e125b5\" data-element_type=\"widget\" data-e-type=\"widget\" data-widget_type=\"button.default\">\n\t\t\t\t<div class=\"elementor-widget-container\">\n\t\t\t\t\t\t\t\t\t<div class=\"elementor-button-wrapper\">\n\t\t\t\t\t<a class=\"elementor-button elementor-button-link elementor-size-md\" href=\"https:\/\/www.dropbox.com\/s\/7ysuepxrubn5c9y\/Observatorio%20Derechos%20Humanos%20ES.pdf?dl=0\">\n\t\t\t\t\t\t<span class=\"elementor-button-content-wrapper\">\n\t\t\t\t\t\t\t\t\t<span class=\"elementor-button-text\">\u00a1Descarga los folletos!<\/span>\n\t\t\t\t\t<\/span>\n\t\t\t\t\t<\/a>\n\t\t\t\t<\/div>\n\t\t\t\t\t\t\t\t<\/div>\n\t\t\t\t<\/div>\n\t\t\t\t\t<\/div>\n\t\t<\/div>\n\t\t\t\t<div class=\"elementor-column elementor-col-33 elementor-top-column elementor-element elementor-element-a6968c8\" data-id=\"a6968c8\" data-element_type=\"column\" data-e-type=\"column\">\n\t\t\t<div class=\"elementor-widget-wrap\">\n\t\t\t\t\t\t\t<\/div>\n\t\t<\/div>\n\t\t\t\t\t<\/div>\n\t\t<\/section>\n\t\t\t\t<section class=\"elementor-section elementor-top-section elementor-element elementor-element-74ad5eb elementor-section-content-middle elementor-section-boxed elementor-section-height-default elementor-section-height-default\" data-id=\"74ad5eb\" data-element_type=\"section\" data-e-type=\"section\" data-settings=\"{&quot;background_background&quot;:&quot;classic&quot;}\">\n\t\t\t\t\t\t\t<div class=\"elementor-background-overlay\"><\/div>\n\t\t\t\t\t\t\t<div class=\"elementor-container elementor-column-gap-no\">\n\t\t\t\t\t<div class=\"elementor-column elementor-col-66 elementor-top-column elementor-element elementor-element-c98c942\" data-id=\"c98c942\" data-element_type=\"column\" data-e-type=\"column\">\n\t\t\t<div class=\"elementor-widget-wrap elementor-element-populated\">\n\t\t\t\t\t\t<div class=\"elementor-element elementor-element-52c8c9d elementor-widget elementor-widget-heading\" data-id=\"52c8c9d\" data-element_type=\"widget\" data-e-type=\"widget\" data-widget_type=\"heading.default\">\n\t\t\t\t<div class=\"elementor-widget-container\">\n\t\t\t\t\t<h2 class=\"elementor-heading-title elementor-size-default\">Buena Gobernanza<\/h2>\t\t\t\t<\/div>\n\t\t\t\t<\/div>\n\t\t\t\t<div class=\"elementor-element elementor-element-3fac634 elementor-widget elementor-widget-text-editor\" data-id=\"3fac634\" data-element_type=\"widget\" data-e-type=\"widget\" data-widget_type=\"text-editor.default\">\n\t\t\t\t<div class=\"elementor-widget-container\">\n\t\t\t\t\t\t\t\t\tEl Gobierno de Guinea Ecuatorial ha firmado un programa de reformas econ\u00f3micas con el Fondo Monetario Internacional. Estas reformas est\u00e1n destinadas a mejorar la gobernanza del pa\u00eds y a luchar contra la corrupci\u00f3n.\u00a0 El programa tiene una duraci\u00f3n total de 3 a\u00f1os. Sin embargo, la estructura de pagos esta secuenciada de acuerdo con los cumplimientos de hitos intermedios. As\u00ed los compromisos se revisan cada trimestre, comenzando desde enero de 2020.\n\nAPROFORT har\u00e1 un monitoreo del nivel de cumplimiento de este programa que incluye compromisos tales como la declaraci\u00f3n de bienes de las autoridades.\n\nEl monitoreo se realizar\u00e1 con base en las informaciones publicadas en medios oficiales o del Fondo Monetario Internacional como m\u00e9todo de verificaci\u00f3n. La base metodol\u00f3gica, por tanto, es la transparencia de las partes en proporcionar la informaci\u00f3n al p\u00fablico que es un principio b\u00e1sico de buena gobernanza.\n\nLos resultados del observatorio ser\u00e1n \u00fatiles para la elaboraci\u00f3n y presentaci\u00f3n de informes por parte de la sociedad civil ante la Convenci\u00f3n de las Naciones Unidas Contra la Corrupci\u00f3n, o para informar de los avances en el proceso de adhesi\u00f3n del pa\u00eds ante la Iniciativa para la Transparencia de las Industrias Extractivas (EITI).\t\t\t\t\t\t\t\t<\/div>\n\t\t\t\t<\/div>\n\t\t\t\t<div class=\"elementor-element elementor-element-4b44b44 elementor-align-center elementor-button-info elementor-widget elementor-widget-button\" data-id=\"4b44b44\" data-element_type=\"widget\" data-e-type=\"widget\" data-widget_type=\"button.default\">\n\t\t\t\t<div class=\"elementor-widget-container\">\n\t\t\t\t\t\t\t\t\t<div class=\"elementor-button-wrapper\">\n\t\t\t\t\t<a class=\"elementor-button elementor-button-link elementor-size-md\" href=\"https:\/\/www.dropbox.com\/s\/7ysuepxrubn5c9y\/Observatorio%20Derechos%20Humanos%20ES.pdf?dl=0\">\n\t\t\t\t\t\t<span class=\"elementor-button-content-wrapper\">\n\t\t\t\t\t\t\t\t\t<span class=\"elementor-button-text\">\u00a1Descarga los folletos!<\/span>\n\t\t\t\t\t<\/span>\n\t\t\t\t\t<\/a>\n\t\t\t\t<\/div>\n\t\t\t\t\t\t\t\t<\/div>\n\t\t\t\t<\/div>\n\t\t\t\t\t<\/div>\n\t\t<\/div>\n\t\t\t\t<div class=\"elementor-column elementor-col-33 elementor-top-column elementor-element elementor-element-5410384\" data-id=\"5410384\" data-element_type=\"column\" data-e-type=\"column\">\n\t\t\t<div class=\"elementor-widget-wrap\">\n\t\t\t\t\t\t\t<\/div>\n\t\t<\/div>\n\t\t\t\t\t<\/div>\n\t\t<\/section>\n\t\t\t\t<\/div>\n\t\t","protected":false},"excerpt":{"rendered":"<p>Observatorio SOBRE EL OBSERVATORIO En los \u00faltimos a\u00f1os, Guinea Ecuatorial ha sido examinada por el Consejo de Derechos Humanos y el Comit\u00e9 de Derechos Humanos. Adem\u00e1s, ha reactivado el proceso de reentrada en la Iniciativa sobre la Transparencia de las Industrias Extractivas (EITI). Por otro lado, como resultado de negociaciones con el Fondo Monetario Internacional, [&hellip;]<\/p>\n","protected":false},"author":2,"featured_media":0,"parent":0,"menu_order":0,"comment_status":"closed","ping_status":"closed","template":"","meta":{"inline_featured_image":false,"site-sidebar-layout":"default","site-content-layout":"page-builder","ast-site-content-layout":"default","site-content-style":"default","site-sidebar-style":"default","ast-global-header-display":"","ast-banner-title-visibility":"","ast-main-header-display":"","ast-hfb-above-header-display":"","ast-hfb-below-header-display":"","ast-hfb-mobile-header-display":"","site-post-title":"disabled","ast-breadcrumbs-content":"","ast-featured-img":"disabled","footer-sml-layout":"","ast-disable-related-posts":"","theme-transparent-header-meta":"enabled","adv-header-id-meta":"","stick-header-meta":"","header-above-stick-meta":"","header-main-stick-meta":"","header-below-stick-meta":"","astra-migrate-meta-layouts":"default","ast-page-background-enabled":"default","ast-page-background-meta":{"desktop":{"background-color":"","background-image":"","background-repeat":"repeat","background-position":"center center","background-size":"auto","background-attachment":"scroll","background-type":"","background-media":"","overlay-type":"","overlay-color":"","overlay-opacity":"","overlay-gradient":""},"tablet":{"background-color":"","background-image":"","background-repeat":"repeat","background-position":"center center","background-size":"auto","background-attachment":"scroll","background-type":"","background-media":"","overlay-type":"","overlay-color":"","overlay-opacity":"","overlay-gradient":""},"mobile":{"background-color":"","background-image":"","background-repeat":"repeat","background-position":"center center","background-size":"auto","background-attachment":"scroll","background-type":"","background-media":"","overlay-type":"","overlay-color":"","overlay-opacity":"","overlay-gradient":""}},"ast-content-background-meta":{"desktop":{"background-color":"var(--ast-global-color-5)","background-image":"","background-repeat":"repeat","background-position":"center center","background-size":"auto","background-attachment":"scroll","background-type":"","background-media":"","overlay-type":"","overlay-color":"","overlay-opacity":"","overlay-gradient":""},"tablet":{"background-color":"var(--ast-global-color-5)","background-image":"","background-repeat":"repeat","background-position":"center center","background-size":"auto","background-attachment":"scroll","background-type":"","background-media":"","overlay-type":"","overlay-color":"","overlay-opacity":"","overlay-gradient":""},"mobile":{"background-color":"var(--ast-global-color-5)","background-image":"","background-repeat":"repeat","background-position":"center center","background-size":"auto","background-attachment":"scroll","background-type":"","background-media":"","overlay-type":"","overlay-color":"","overlay-opacity":"","overlay-gradient":""}},"footnotes":""},"class_list":["post-9785","page","type-page","status-publish","hentry"],"aioseo_notices":[],"_links":{"self":[{"href":"https:\/\/aprofort.transparencia.pt\/es\/wp-json\/wp\/v2\/pages\/9785","targetHints":{"allow":["GET"]}}],"collection":[{"href":"https:\/\/aprofort.transparencia.pt\/es\/wp-json\/wp\/v2\/pages"}],"about":[{"href":"https:\/\/aprofort.transparencia.pt\/es\/wp-json\/wp\/v2\/types\/page"}],"author":[{"embeddable":true,"href":"https:\/\/aprofort.transparencia.pt\/es\/wp-json\/wp\/v2\/users\/2"}],"replies":[{"embeddable":true,"href":"https:\/\/aprofort.transparencia.pt\/es\/wp-json\/wp\/v2\/comments?post=9785"}],"version-history":[{"count":14,"href":"https:\/\/aprofort.transparencia.pt\/es\/wp-json\/wp\/v2\/pages\/9785\/revisions"}],"predecessor-version":[{"id":10056,"href":"https:\/\/aprofort.transparencia.pt\/es\/wp-json\/wp\/v2\/pages\/9785\/revisions\/10056"}],"wp:attachment":[{"href":"https:\/\/aprofort.transparencia.pt\/es\/wp-json\/wp\/v2\/media?parent=9785"}],"curies":[{"name":"wp","href":"https:\/\/api.w.org\/{rel}","templated":true}]}}