{"id":9780,"date":"2020-10-29T21:29:20","date_gmt":"2020-10-29T20:29:20","guid":{"rendered":"https:\/\/aprofort.transparencia.pt\/?page_id=9780"},"modified":"2020-11-11T13:42:01","modified_gmt":"2020-11-11T12:42:01","slug":"fin-de-la-pena-de-muerte","status":"publish","type":"page","link":"https:\/\/aprofort.transparencia.pt\/es\/fin-de-la-pena-de-muerte\/","title":{"rendered":"Fin de la Pena de Muerte"},"content":{"rendered":"\t\t<div data-elementor-type=\"wp-post\" data-elementor-id=\"9780\" class=\"elementor elementor-9780 elementor-632\">\n\t\t\t\t\t\t<section class=\"elementor-section elementor-top-section elementor-element elementor-element-acc63c1 elementor-section-boxed elementor-section-height-default elementor-section-height-default\" data-id=\"acc63c1\" data-element_type=\"section\" data-e-type=\"section\" data-settings=\"{&quot;background_background&quot;:&quot;classic&quot;}\">\n\t\t\t\t\t\t\t<div class=\"elementor-background-overlay\"><\/div>\n\t\t\t\t\t\t\t<div class=\"elementor-container elementor-column-gap-default\">\n\t\t\t\t\t<div class=\"elementor-column elementor-col-100 elementor-top-column elementor-element elementor-element-922b039\" data-id=\"922b039\" data-element_type=\"column\" data-e-type=\"column\">\n\t\t\t<div class=\"elementor-widget-wrap elementor-element-populated\">\n\t\t\t\t\t\t<section class=\"elementor-section elementor-inner-section elementor-element elementor-element-fa18cf8 elementor-section-boxed elementor-section-height-default elementor-section-height-default\" data-id=\"fa18cf8\" data-element_type=\"section\" data-e-type=\"section\">\n\t\t\t\t\t\t<div class=\"elementor-container elementor-column-gap-default\">\n\t\t\t\t\t<div class=\"elementor-column elementor-col-66 elementor-inner-column elementor-element elementor-element-5053de7\" data-id=\"5053de7\" data-element_type=\"column\" data-e-type=\"column\">\n\t\t\t<div class=\"elementor-widget-wrap elementor-element-populated\">\n\t\t\t\t\t\t<div class=\"elementor-element elementor-element-b611043 elementor-widget elementor-widget-heading\" data-id=\"b611043\" data-element_type=\"widget\" data-e-type=\"widget\" data-widget_type=\"heading.default\">\n\t\t\t\t<div class=\"elementor-widget-container\">\n\t\t\t\t\t<h1 class=\"elementor-heading-title elementor-size-default\">Fin de la Pena de Muerte<\/h1>\t\t\t\t<\/div>\n\t\t\t\t<\/div>\n\t\t\t\t\t<\/div>\n\t\t<\/div>\n\t\t\t\t<div class=\"elementor-column elementor-col-33 elementor-inner-column elementor-element elementor-element-ce85fe5\" data-id=\"ce85fe5\" data-element_type=\"column\" data-e-type=\"column\">\n\t\t\t<div class=\"elementor-widget-wrap\">\n\t\t\t\t\t\t\t<\/div>\n\t\t<\/div>\n\t\t\t\t\t<\/div>\n\t\t<\/section>\n\t\t\t\t\t<\/div>\n\t\t<\/div>\n\t\t\t\t\t<\/div>\n\t\t<\/section>\n\t\t\t\t<section class=\"elementor-section elementor-top-section elementor-element elementor-element-8459ee1 elementor-section-content-middle elementor-section-boxed elementor-section-height-default elementor-section-height-default\" data-id=\"8459ee1\" data-element_type=\"section\" data-e-type=\"section\" data-settings=\"{&quot;background_background&quot;:&quot;classic&quot;}\">\n\t\t\t\t\t\t\t<div class=\"elementor-background-overlay\"><\/div>\n\t\t\t\t\t\t\t<div class=\"elementor-container elementor-column-gap-no\">\n\t\t\t\t\t<div class=\"elementor-column elementor-col-66 elementor-top-column elementor-element elementor-element-5d0236c\" data-id=\"5d0236c\" data-element_type=\"column\" data-e-type=\"column\">\n\t\t\t<div class=\"elementor-widget-wrap elementor-element-populated\">\n\t\t\t\t\t\t<div class=\"elementor-element elementor-element-5d7ae30 elementor-widget elementor-widget-heading\" data-id=\"5d7ae30\" data-element_type=\"widget\" data-e-type=\"widget\" data-widget_type=\"heading.default\">\n\t\t\t\t<div class=\"elementor-widget-container\">\n\t\t\t\t\t<h2 class=\"elementor-heading-title elementor-size-default\">Fin de la Pena de Muerte<\/h2>\t\t\t\t<\/div>\n\t\t\t\t<\/div>\n\t\t\t\t<div class=\"elementor-element elementor-element-ac88b75 elementor-widget elementor-widget-text-editor\" data-id=\"ac88b75\" data-element_type=\"widget\" data-e-type=\"widget\" data-widget_type=\"text-editor.default\">\n\t\t\t\t<div class=\"elementor-widget-container\">\n\t\t\t\t\t\t\t\t\t<div class=\"elementor-element elementor-element-4ca44e3 elementor-widget elementor-widget-text-editor\" data-id=\"4ca44e3\" data-element_type=\"widget\" data-widget_type=\"text-editor.default\"><div class=\"elementor-widget-container\"><div class=\"elementor-text-editor elementor-clearfix\"><p><span lang=\"ES\">Teniendo<\/span><span lang=\"ES\">\u00a0en cuenta los compromisos del Gobierno de Guinea Ecuatorial de abolir la pena de muerte, particularmente en el marco de la Comunidad de Pa\u00edses de Lengua Portuguesa (CPLP), es previsible que el cumplimiento de este compromiso se retrase si no existe una incidencia m\u00e1s contundente por parte de la sociedad civil a nivel internacional en especial.<\/span><\/p><p><span lang=\"ES\">Hay que recordar que similares promesas se hicieron en a\u00f1os anteriores, las cuales han sido en su mayor\u00eda retrasadas. Por ejemplo, el Gobierno no acept\u00f3 las recomendaciones sobre la abolici\u00f3n de la pena de muerte o sobre la firma del Protocolo Facultativo II del Convenio de Derechos Civiles y Pol\u00edticos relativo a la abolici\u00f3n de la pena de muerte.<\/span><\/p><p><span lang=\"ES\">Pero Guinea Ecuatorial, como miembro de pleno de derecho de la Comunidad de Pa\u00edses de Lengua Portuguesa (CPLP), tiene asociada a su membres\u00eda el compromiso de la abolici\u00f3n de la pena de muerte. De momento, se ha conseguido la firma de una moratoria en su aplicaci\u00f3n. Este dato es muy importante si tenemos en cuenta que esta ha sido una petici\u00f3n reiterada de los pa\u00edses miembros de la UE en los diversos procesos evaluaci\u00f3n del respeto de los derechos humanos en el marco de las Naciones Unidas.<\/span><\/p><p><span lang=\"ES\">Transpar\u00eancia e Integridade \u2013 Transparency International Portugal (TI-PT), con sede en Lisboa, va a jugar un papel importante en generar la presi\u00f3n necesaria ante la CPLP para conseguir la abolici\u00f3n definitiva y efectiva de la pena de muerte en el pa\u00eds.<\/span><\/p><p><span lang=\"ES\">APROFORT iniciar\u00e1 a lo largo de la duraci\u00f3n del proyecto establecer\u00e1 coaliciones con organizaciones de derechos humanos y de otros pa\u00edses del \u00e1rea lus\u00f3fona, as\u00ed como organizaciones guineanas para conseguir que se cumpla el tan anhelado objetivo.<\/span><\/p><\/div><\/div><\/div><div class=\"elementor-element elementor-element-9d6bdd2 elementor-widget elementor-widget-spacer\" data-id=\"9d6bdd2\" data-element_type=\"widget\" data-widget_type=\"spacer.default\"><div class=\"elementor-widget-container\"><div class=\"elementor-spacer\">\u00a0<\/div><\/div><\/div>\t\t\t\t\t\t\t\t<\/div>\n\t\t\t\t<\/div>\n\t\t\t\t<div class=\"elementor-element elementor-element-5b6b6f5 elementor-align-center elementor-button-info elementor-widget elementor-widget-button\" data-id=\"5b6b6f5\" data-element_type=\"widget\" data-e-type=\"widget\" data-widget_type=\"button.default\">\n\t\t\t\t<div class=\"elementor-widget-container\">\n\t\t\t\t\t\t\t\t\t<div class=\"elementor-button-wrapper\">\n\t\t\t\t\t<a class=\"elementor-button elementor-button-link elementor-size-md\" href=\"https:\/\/provedoria.transparencia.pt\/\">\n\t\t\t\t\t\t<span class=\"elementor-button-content-wrapper\">\n\t\t\t\t\t\t\t\t\t<span class=\"elementor-button-text\">\u00a1Denuncia!<\/span>\n\t\t\t\t\t<\/span>\n\t\t\t\t\t<\/a>\n\t\t\t\t<\/div>\n\t\t\t\t\t\t\t\t<\/div>\n\t\t\t\t<\/div>\n\t\t\t\t\t<\/div>\n\t\t<\/div>\n\t\t\t\t<div class=\"elementor-column elementor-col-33 elementor-top-column elementor-element elementor-element-39b7959\" data-id=\"39b7959\" data-element_type=\"column\" data-e-type=\"column\">\n\t\t\t<div class=\"elementor-widget-wrap\">\n\t\t\t\t\t\t\t<\/div>\n\t\t<\/div>\n\t\t\t\t\t<\/div>\n\t\t<\/section>\n\t\t\t\t<\/div>\n\t\t","protected":false},"excerpt":{"rendered":"<p>Fin de la Pena de Muerte Fin de la Pena de Muerte Teniendo\u00a0en cuenta los compromisos del Gobierno de Guinea Ecuatorial de abolir la pena de muerte, particularmente en el marco de la Comunidad de Pa\u00edses de Lengua Portuguesa (CPLP), es previsible que el cumplimiento de este compromiso se retrase si no existe una incidencia [&hellip;]<\/p>\n","protected":false},"author":2,"featured_media":0,"parent":0,"menu_order":0,"comment_status":"closed","ping_status":"closed","template":"","meta":{"inline_featured_image":false,"site-sidebar-layout":"default","site-content-layout":"page-builder","ast-site-content-layout":"default","site-content-style":"default","site-sidebar-style":"default","ast-global-header-display":"","ast-banner-title-visibility":"","ast-main-header-display":"","ast-hfb-above-header-display":"","ast-hfb-below-header-display":"","ast-hfb-mobile-header-display":"","site-post-title":"disabled","ast-breadcrumbs-content":"","ast-featured-img":"disabled","footer-sml-layout":"","ast-disable-related-posts":"","theme-transparent-header-meta":"enabled","adv-header-id-meta":"","stick-header-meta":"","header-above-stick-meta":"","header-main-stick-meta":"","header-below-stick-meta":"","astra-migrate-meta-layouts":"default","ast-page-background-enabled":"default","ast-page-background-meta":{"desktop":{"background-color":"","background-image":"","background-repeat":"repeat","background-position":"center center","background-size":"auto","background-attachment":"scroll","background-type":"","background-media":"","overlay-type":"","overlay-color":"","overlay-opacity":"","overlay-gradient":""},"tablet":{"background-color":"","background-image":"","background-repeat":"repeat","background-position":"center center","background-size":"auto","background-attachment":"scroll","background-type":"","background-media":"","overlay-type":"","overlay-color":"","overlay-opacity":"","overlay-gradient":""},"mobile":{"background-color":"","background-image":"","background-repeat":"repeat","background-position":"center center","background-size":"auto","background-attachment":"scroll","background-type":"","background-media":"","overlay-type":"","overlay-color":"","overlay-opacity":"","overlay-gradient":""}},"ast-content-background-meta":{"desktop":{"background-color":"var(--ast-global-color-5)","background-image":"","background-repeat":"repeat","background-position":"center center","background-size":"auto","background-attachment":"scroll","background-type":"","background-media":"","overlay-type":"","overlay-color":"","overlay-opacity":"","overlay-gradient":""},"tablet":{"background-color":"var(--ast-global-color-5)","background-image":"","background-repeat":"repeat","background-position":"center center","background-size":"auto","background-attachment":"scroll","background-type":"","background-media":"","overlay-type":"","overlay-color":"","overlay-opacity":"","overlay-gradient":""},"mobile":{"background-color":"var(--ast-global-color-5)","background-image":"","background-repeat":"repeat","background-position":"center center","background-size":"auto","background-attachment":"scroll","background-type":"","background-media":"","overlay-type":"","overlay-color":"","overlay-opacity":"","overlay-gradient":""}},"footnotes":""},"class_list":["post-9780","page","type-page","status-publish","hentry"],"aioseo_notices":[],"_links":{"self":[{"href":"https:\/\/aprofort.transparencia.pt\/es\/wp-json\/wp\/v2\/pages\/9780","targetHints":{"allow":["GET"]}}],"collection":[{"href":"https:\/\/aprofort.transparencia.pt\/es\/wp-json\/wp\/v2\/pages"}],"about":[{"href":"https:\/\/aprofort.transparencia.pt\/es\/wp-json\/wp\/v2\/types\/page"}],"author":[{"embeddable":true,"href":"https:\/\/aprofort.transparencia.pt\/es\/wp-json\/wp\/v2\/users\/2"}],"replies":[{"embeddable":true,"href":"https:\/\/aprofort.transparencia.pt\/es\/wp-json\/wp\/v2\/comments?post=9780"}],"version-history":[{"count":7,"href":"https:\/\/aprofort.transparencia.pt\/es\/wp-json\/wp\/v2\/pages\/9780\/revisions"}],"predecessor-version":[{"id":10059,"href":"https:\/\/aprofort.transparencia.pt\/es\/wp-json\/wp\/v2\/pages\/9780\/revisions\/10059"}],"wp:attachment":[{"href":"https:\/\/aprofort.transparencia.pt\/es\/wp-json\/wp\/v2\/media?parent=9780"}],"curies":[{"name":"wp","href":"https:\/\/api.w.org\/{rel}","templated":true}]}}