{"id":9766,"date":"2020-10-29T21:16:58","date_gmt":"2020-10-29T20:16:58","guid":{"rendered":"https:\/\/aprofort.transparencia.pt\/?page_id=9766"},"modified":"2022-05-27T14:08:27","modified_gmt":"2022-05-27T13:08:27","slug":"sobre-aprofort","status":"publish","type":"page","link":"https:\/\/aprofort.transparencia.pt\/es\/sobre-aprofort\/","title":{"rendered":"Sobre APROFORT"},"content":{"rendered":"\t\t<div data-elementor-type=\"wp-post\" data-elementor-id=\"9766\" class=\"elementor elementor-9766 elementor-8\">\n\t\t\t\t\t\t<section class=\"elementor-section elementor-top-section elementor-element elementor-element-425bc64 elementor-section-boxed elementor-section-height-default elementor-section-height-default\" data-id=\"425bc64\" data-element_type=\"section\" data-e-type=\"section\" data-settings=\"{&quot;background_background&quot;:&quot;classic&quot;}\">\n\t\t\t\t\t\t\t<div class=\"elementor-background-overlay\"><\/div>\n\t\t\t\t\t\t\t<div class=\"elementor-container elementor-column-gap-default\">\n\t\t\t\t\t<div class=\"elementor-column elementor-col-100 elementor-top-column elementor-element elementor-element-32d82ce\" data-id=\"32d82ce\" data-element_type=\"column\" data-e-type=\"column\">\n\t\t\t<div class=\"elementor-widget-wrap elementor-element-populated\">\n\t\t\t\t\t\t<section class=\"elementor-section elementor-inner-section elementor-element elementor-element-e565f72 elementor-section-boxed elementor-section-height-default elementor-section-height-default\" data-id=\"e565f72\" data-element_type=\"section\" data-e-type=\"section\">\n\t\t\t\t\t\t<div class=\"elementor-container elementor-column-gap-default\">\n\t\t\t\t\t<div class=\"elementor-column elementor-col-66 elementor-inner-column elementor-element elementor-element-61a1ab6\" data-id=\"61a1ab6\" data-element_type=\"column\" data-e-type=\"column\">\n\t\t\t<div class=\"elementor-widget-wrap elementor-element-populated\">\n\t\t\t\t\t\t<div class=\"elementor-element elementor-element-1437cd8 elementor-widget elementor-widget-heading\" data-id=\"1437cd8\" data-element_type=\"widget\" data-e-type=\"widget\" data-widget_type=\"heading.default\">\n\t\t\t\t<div class=\"elementor-widget-container\">\n\t\t\t\t\t<h1 class=\"elementor-heading-title elementor-size-default\">Sobre el Proyecto<\/h1>\t\t\t\t<\/div>\n\t\t\t\t<\/div>\n\t\t\t\t\t<\/div>\n\t\t<\/div>\n\t\t\t\t<div class=\"elementor-column elementor-col-33 elementor-inner-column elementor-element elementor-element-7fe616d\" data-id=\"7fe616d\" data-element_type=\"column\" data-e-type=\"column\">\n\t\t\t<div class=\"elementor-widget-wrap\">\n\t\t\t\t\t\t\t<\/div>\n\t\t<\/div>\n\t\t\t\t\t<\/div>\n\t\t<\/section>\n\t\t\t\t\t<\/div>\n\t\t<\/div>\n\t\t\t\t\t<\/div>\n\t\t<\/section>\n\t\t\t\t<section class=\"elementor-section elementor-top-section elementor-element elementor-element-c16982b elementor-section-content-middle elementor-reverse-mobile elementor-section-boxed elementor-section-height-default elementor-section-height-default\" data-id=\"c16982b\" data-element_type=\"section\" data-e-type=\"section\">\n\t\t\t\t\t\t<div class=\"elementor-container elementor-column-gap-default\">\n\t\t\t\t\t<div class=\"elementor-column elementor-col-66 elementor-top-column elementor-element elementor-element-cf76402\" data-id=\"cf76402\" data-element_type=\"column\" data-e-type=\"column\" data-settings=\"{&quot;background_background&quot;:&quot;classic&quot;}\">\n\t\t\t<div class=\"elementor-widget-wrap elementor-element-populated\">\n\t\t\t\t\t\t<div class=\"elementor-element elementor-element-8f15f14 elementor-widget elementor-widget-heading\" data-id=\"8f15f14\" data-element_type=\"widget\" data-e-type=\"widget\" data-widget_type=\"heading.default\">\n\t\t\t\t<div class=\"elementor-widget-container\">\n\t\t\t\t\t<h2 class=\"elementor-heading-title elementor-size-default\">Sobre APROFORT<\/h2>\t\t\t\t<\/div>\n\t\t\t\t<\/div>\n\t\t\t\t<div class=\"elementor-element elementor-element-129813c elementor-widget elementor-widget-text-editor\" data-id=\"129813c\" data-element_type=\"widget\" data-e-type=\"widget\" data-widget_type=\"text-editor.default\">\n\t\t\t\t<div class=\"elementor-widget-container\">\n\t\t\t\t\t\t\t\t\t<p>El objetivo general es brindar apoyo, protecci\u00f3n y fortalecimiento de capacidades a los activistas y organizaciones de la sociedad civil que trabajan en la promoci\u00f3n de los derechos humanos y la buena gobernanza.<\/p>\n<p>El impacto se medir\u00e1 por el logro de tres resultados principales:<\/p>\n<ul>\n<li>La abolici\u00f3n de la pena de muerte.<\/li>\n<li>La protecci\u00f3n efectiva de activistas, organizaciones y grupos minoritarios vulnerables.<\/li>\n<li>Mayor cumplimiento de los&nbsp;<span style=\"font-size: 17px; font-style: normal; font-weight: 400;\">Objetivos de Desarrollo Sostenible 2030<\/span>&nbsp;y los Derechos Humanos.<\/li>\n<\/ul>\n<p>Una mejora en los derechos humanos y la gobernanza en el pa\u00eds vendr\u00e1 a trav\u00e9s de la protecci\u00f3n de activistas, mujeres, as\u00ed como el fortalecimiento de la sociedad civil en ambas \u00e1reas. Una sociedad civil m\u00e1s fuerte puede exigir cuentas al gobierno y empujar hacia las reformas.<\/p>\t\t\t\t\t\t\t\t<\/div>\n\t\t\t\t<\/div>\n\t\t\t\t\t<\/div>\n\t\t<\/div>\n\t\t\t\t<div class=\"elementor-column elementor-col-33 elementor-top-column elementor-element elementor-element-6e46a28\" data-id=\"6e46a28\" data-element_type=\"column\" data-e-type=\"column\" data-settings=\"{&quot;background_background&quot;:&quot;classic&quot;}\">\n\t\t\t<div class=\"elementor-widget-wrap\">\n\t\t\t\t\t\t\t<\/div>\n\t\t<\/div>\n\t\t\t\t\t<\/div>\n\t\t<\/section>\n\t\t\t\t<section class=\"elementor-section elementor-top-section elementor-element elementor-element-8fc6db0 elementor-section-content-middle elementor-reverse-mobile elementor-section-boxed elementor-section-height-default elementor-section-height-default\" data-id=\"8fc6db0\" data-element_type=\"section\" data-e-type=\"section\">\n\t\t\t\t\t\t<div class=\"elementor-container elementor-column-gap-default\">\n\t\t\t\t\t<div class=\"elementor-column elementor-col-66 elementor-top-column elementor-element elementor-element-87687e4\" data-id=\"87687e4\" data-element_type=\"column\" data-e-type=\"column\" data-settings=\"{&quot;background_background&quot;:&quot;classic&quot;}\">\n\t\t\t<div class=\"elementor-widget-wrap elementor-element-populated\">\n\t\t\t\t\t\t<div class=\"elementor-element elementor-element-364bec7 elementor-widget elementor-widget-heading\" data-id=\"364bec7\" data-element_type=\"widget\" data-e-type=\"widget\" data-widget_type=\"heading.default\">\n\t\t\t\t<div class=\"elementor-widget-container\">\n\t\t\t\t\t<h2 class=\"elementor-heading-title elementor-size-default\">Apoyo, Protecci\u00f3n<br>y Fortalecimiento<\/h2>\t\t\t\t<\/div>\n\t\t\t\t<\/div>\n\t\t\t\t<div class=\"elementor-element elementor-element-7a65b99 elementor-widget elementor-widget-text-editor\" data-id=\"7a65b99\" data-element_type=\"widget\" data-e-type=\"widget\" data-widget_type=\"text-editor.default\">\n\t\t\t\t<div class=\"elementor-widget-container\">\n\t\t\t\t\t\t\t\t\t<p>El proyecto se desarrollar\u00e1 sobre la base de tres ejes fundamentales: el <strong>apoyo<\/strong>, la <strong>protecci\u00f3n<\/strong> de los activistas y el <strong>fortalecimiento<\/strong>.<\/p><p>El\u00a0<strong>apoyo<\/strong>\u00a0se proporcionar\u00e1 a trav\u00e9s de subvenciones a organizaciones locales de la sociedad civil para que, en el desempe\u00f1o de sus funciones, puedan ejecutar actividades en l\u00ednea con APROFORT. Este apoyo incluir\u00e1 actividades de sensibilizaci\u00f3n en colaboraci\u00f3n con organizaciones culturales.<\/p><p>Se brindar\u00e1\u00a0<strong>protecci\u00f3n<\/strong>\u00a0a los activistas a quienes sean acosados por su trabajo. Se dise\u00f1ar\u00e1 una cl\u00ednica legal para aquellos atacados directamente. Adem\u00e1s, la l\u00ednea de trabajo de protecci\u00f3n prestar\u00e1 especial atenci\u00f3n al derecho a la educaci\u00f3n de las mujeres y las ni\u00f1as, asistiendo a las extorsionadas sexualmente en las escuelas y a las que tienen prohibido asistir a la escuela debido al embarazo. Finalmente, tambi\u00e9n se proporcionar\u00e1 protecci\u00f3n jur\u00eddica a la comunidad LGTBQ cuando no los traten como seres humanos.<\/p><p>El\u00a0<strong>fortalecimiento<\/strong>\u00a0de las capacidades de las OSC se centrar\u00e1, en primer lugar, en la protecci\u00f3n personal de los activistas sobre c\u00f3mo prevenir situaciones de riesgo, as\u00ed como en los protocolos de actuaci\u00f3n si se producen estos riesgos. En segundo lugar, la capacitaci\u00f3n en investigaci\u00f3n y producci\u00f3n de informes para mecanismos de monitoreo internacional, como el Comit\u00e9 de Derechos Humanos, la Convenci\u00f3n de las Naciones Unidas contra la Corrupci\u00f3n o los Objetivos de Desarrollo Sostenible 2030. Estas capacidades estar\u00e1n respaldadas por un Observatorio de Derechos Humanos y Gobernanza que producir\u00e1 datos fiables para los informes.<strong>\u00a0<\/strong><\/p>\t\t\t\t\t\t\t\t<\/div>\n\t\t\t\t<\/div>\n\t\t\t\t\t<\/div>\n\t\t<\/div>\n\t\t\t\t<div class=\"elementor-column elementor-col-33 elementor-top-column elementor-element elementor-element-4697021\" data-id=\"4697021\" data-element_type=\"column\" data-e-type=\"column\" data-settings=\"{&quot;background_background&quot;:&quot;classic&quot;}\">\n\t\t\t<div class=\"elementor-widget-wrap\">\n\t\t\t\t\t\t\t<\/div>\n\t\t<\/div>\n\t\t\t\t\t<\/div>\n\t\t<\/section>\n\t\t\t\t<section class=\"elementor-section elementor-top-section elementor-element elementor-element-f0e3879 elementor-section-content-middle elementor-reverse-mobile elementor-section-boxed elementor-section-height-default elementor-section-height-default\" data-id=\"f0e3879\" data-element_type=\"section\" data-e-type=\"section\">\n\t\t\t\t\t\t<div class=\"elementor-container elementor-column-gap-default\">\n\t\t\t\t\t<div class=\"elementor-column elementor-col-66 elementor-top-column elementor-element elementor-element-da54c3f\" data-id=\"da54c3f\" data-element_type=\"column\" data-e-type=\"column\" data-settings=\"{&quot;background_background&quot;:&quot;classic&quot;}\">\n\t\t\t<div class=\"elementor-widget-wrap elementor-element-populated\">\n\t\t\t\t\t\t<div class=\"elementor-element elementor-element-b240793 elementor-widget elementor-widget-heading\" data-id=\"b240793\" data-element_type=\"widget\" data-e-type=\"widget\" data-widget_type=\"heading.default\">\n\t\t\t\t<div class=\"elementor-widget-container\">\n\t\t\t\t\t<h2 class=\"elementor-heading-title elementor-size-default\">Igualdad de G\u00e9nero<\/h2>\t\t\t\t<\/div>\n\t\t\t\t<\/div>\n\t\t\t\t<div class=\"elementor-element elementor-element-b2bd8db elementor-widget elementor-widget-text-editor\" data-id=\"b2bd8db\" data-element_type=\"widget\" data-e-type=\"widget\" data-widget_type=\"text-editor.default\">\n\t\t\t\t<div class=\"elementor-widget-container\">\n\t\t\t\t\t\t\t\t\t<p>La <strong>Cl\u00ednica Legal<\/strong> establecer\u00e1 mecanismos que sean sensibles al tipo de casos que se reciben como pueden ser los casos de discriminaci\u00f3n de g\u00e9nero. Tambi\u00e9n se dar\u00e1 una mayor prioridad a las mujeres activistas en la asistencia legal o ayudas financieras.<\/p><p>El <strong>Observatorio de los Derechos Humanos y Buena Gobernanza<\/strong> desarrollar\u00e1 indicadores sobre el impacto de las violaciones de los derechos humanos y la corrupci\u00f3n en las mujeres de manera diferenciada.<\/p><p>La <strong>capacitaci\u00f3n<\/strong> de las organizaciones sociales dar\u00e1 prioridad a las organizaciones de igualdad de g\u00e9nero para realizar estudios y preparar informes.<strong>\u00a0<\/strong><\/p>\t\t\t\t\t\t\t\t<\/div>\n\t\t\t\t<\/div>\n\t\t\t\t\t<\/div>\n\t\t<\/div>\n\t\t\t\t<div class=\"elementor-column elementor-col-33 elementor-top-column elementor-element elementor-element-dd749bb\" data-id=\"dd749bb\" data-element_type=\"column\" data-e-type=\"column\" data-settings=\"{&quot;background_background&quot;:&quot;classic&quot;}\">\n\t\t\t<div class=\"elementor-widget-wrap\">\n\t\t\t\t\t\t\t<\/div>\n\t\t<\/div>\n\t\t\t\t\t<\/div>\n\t\t<\/section>\n\t\t\t\t<\/div>\n\t\t","protected":false},"excerpt":{"rendered":"<p>Sobre el Proyecto Sobre APROFORT El objetivo general es brindar apoyo, protecci\u00f3n y fortalecimiento de capacidades a los activistas y organizaciones de la sociedad civil que trabajan en la promoci\u00f3n de los derechos humanos y la buena gobernanza. El impacto se medir\u00e1 por el logro de tres resultados principales: La abolici\u00f3n de la pena de [&hellip;]<\/p>\n","protected":false},"author":2,"featured_media":0,"parent":0,"menu_order":0,"comment_status":"closed","ping_status":"closed","template":"","meta":{"inline_featured_image":false,"site-sidebar-layout":"default","site-content-layout":"page-builder","ast-site-content-layout":"default","site-content-style":"default","site-sidebar-style":"default","ast-global-header-display":"","ast-banner-title-visibility":"","ast-main-header-display":"","ast-hfb-above-header-display":"","ast-hfb-below-header-display":"","ast-hfb-mobile-header-display":"","site-post-title":"disabled","ast-breadcrumbs-content":"","ast-featured-img":"disabled","footer-sml-layout":"","ast-disable-related-posts":"","theme-transparent-header-meta":"enabled","adv-header-id-meta":"","stick-header-meta":"","header-above-stick-meta":"","header-main-stick-meta":"","header-below-stick-meta":"","astra-migrate-meta-layouts":"default","ast-page-background-enabled":"default","ast-page-background-meta":{"desktop":{"background-color":"","background-image":"","background-repeat":"repeat","background-position":"center center","background-size":"auto","background-attachment":"scroll","background-type":"","background-media":"","overlay-type":"","overlay-color":"","overlay-opacity":"","overlay-gradient":""},"tablet":{"background-color":"","background-image":"","background-repeat":"repeat","background-position":"center center","background-size":"auto","background-attachment":"scroll","background-type":"","background-media":"","overlay-type":"","overlay-color":"","overlay-opacity":"","overlay-gradient":""},"mobile":{"background-color":"","background-image":"","background-repeat":"repeat","background-position":"center center","background-size":"auto","background-attachment":"scroll","background-type":"","background-media":"","overlay-type":"","overlay-color":"","overlay-opacity":"","overlay-gradient":""}},"ast-content-background-meta":{"desktop":{"background-color":"var(--ast-global-color-5)","background-image":"","background-repeat":"repeat","background-position":"center center","background-size":"auto","background-attachment":"scroll","background-type":"","background-media":"","overlay-type":"","overlay-color":"","overlay-opacity":"","overlay-gradient":""},"tablet":{"background-color":"var(--ast-global-color-5)","background-image":"","background-repeat":"repeat","background-position":"center center","background-size":"auto","background-attachment":"scroll","background-type":"","background-media":"","overlay-type":"","overlay-color":"","overlay-opacity":"","overlay-gradient":""},"mobile":{"background-color":"var(--ast-global-color-5)","background-image":"","background-repeat":"repeat","background-position":"center center","background-size":"auto","background-attachment":"scroll","background-type":"","background-media":"","overlay-type":"","overlay-color":"","overlay-opacity":"","overlay-gradient":""}},"footnotes":""},"class_list":["post-9766","page","type-page","status-publish","hentry"],"aioseo_notices":[],"_links":{"self":[{"href":"https:\/\/aprofort.transparencia.pt\/es\/wp-json\/wp\/v2\/pages\/9766","targetHints":{"allow":["GET"]}}],"collection":[{"href":"https:\/\/aprofort.transparencia.pt\/es\/wp-json\/wp\/v2\/pages"}],"about":[{"href":"https:\/\/aprofort.transparencia.pt\/es\/wp-json\/wp\/v2\/types\/page"}],"author":[{"embeddable":true,"href":"https:\/\/aprofort.transparencia.pt\/es\/wp-json\/wp\/v2\/users\/2"}],"replies":[{"embeddable":true,"href":"https:\/\/aprofort.transparencia.pt\/es\/wp-json\/wp\/v2\/comments?post=9766"}],"version-history":[{"count":14,"href":"https:\/\/aprofort.transparencia.pt\/es\/wp-json\/wp\/v2\/pages\/9766\/revisions"}],"predecessor-version":[{"id":10492,"href":"https:\/\/aprofort.transparencia.pt\/es\/wp-json\/wp\/v2\/pages\/9766\/revisions\/10492"}],"wp:attachment":[{"href":"https:\/\/aprofort.transparencia.pt\/es\/wp-json\/wp\/v2\/media?parent=9766"}],"curies":[{"name":"wp","href":"https:\/\/api.w.org\/{rel}","templated":true}]}}